{"id":14041,"date":"2018-10-15T17:12:26","date_gmt":"2018-10-15T20:12:26","guid":{"rendered":"http:\/\/www.british.com.br\/site\/?page_id=14041"},"modified":"2018-10-16T17:22:49","modified_gmt":"2018-10-16T20:22:49","slug":"esponjas","status":"publish","type":"page","link":"https:\/\/www.british.com.br\/site\/pt\/esponjas\/","title":{"rendered":"Esponjas"},"content":{"rendered":"<p>[vc_row][vc_column][et_gap height=&#8221;40&#8243; custom_class=&#8221;hide768&#8243;][et_gap height=&#8221;40&#8243; custom_class=&#8221;hide768&#8243;][\/vc_column][\/vc_row][vc_row full_width=&#8221;stretch_row&#8221; css=&#8221;.vc_custom_1539629645696{background-color: #f5f5f5 !important;}&#8221;][vc_column][vc_row_inner][vc_column_inner width=&#8221;1\/2&#8243; css=&#8221;.vc_custom_1539630548254{padding-right: 10px !important;}&#8221;][et_gap][et_image link=&#8221;lightbox&#8221; preloader=&#8221;true&#8221; src=&#8221;14023&#8243;][\/vc_column_inner][vc_column_inner width=&#8221;1\/2&#8243; css=&#8221;.vc_custom_1539631056611{padding-left: 20px !important;}&#8221;][et_gap][vc_custom_heading text=&#8221;Esponja Multiuso &#8221; font_container=&#8221;tag:h3|font_size:38px|text_align:left|color:%23dd3333|line_height:40px&#8221; use_theme_fonts=&#8221;yes&#8221; el_class=&#8221;letter-spacing-50 feature-title&#8221; css=&#8221;.vc_custom_1539720951445{margin-bottom: 0px !important;}&#8221;][et_gap][vc_column_text el_class=&#8221;feature-text-left&#8221;]<\/p>\n<p style=\"font-size: 15px; line-height: 18px;\"><b>Descri\u00e7\u00e3o\u00a0<\/b><br \/>\nEsponja VERDE\/AMARELA\u00a0 e indicada para limpeza de copos, pratos, panelas, lou\u00e7as, talheres e limpeza em geral de diversas superf\u00edcies<\/p>\n<p>[\/vc_column_text][et_gap height=&#8221;40&#8243; custom_class=&#8221;hide1280&#8243;][vc_custom_heading text=&#8221;75 x 110 x 20mm: Quantidade por caixa: 200 esponjas (granel, BOPP individual ou pacote com 10 unidades)&#8221; font_container=&#8221;tag:h3|font_size:12px|text_align:left|color:%23757575&#8243; use_theme_fonts=&#8221;yes&#8221; mobile_font_size=&#8221;14px&#8221; tablet_font_size=&#8221;14px&#8221; el_class=&#8221;letter-spacing-50 feature-title&#8221; css=&#8221;.vc_custom_1539634169714{margin-bottom: 0px !important;}&#8221;][et_separator][vc_custom_heading text=&#8221;69 x 99 x 15mm: Quantidade por caixa: 300 esponjas (granel ou pacote com 10 unidades)&#8221; font_container=&#8221;tag:h3|font_size:12px|text_align:left|color:%23757575&#8243; use_theme_fonts=&#8221;yes&#8221; el_class=&#8221;letter-spacing-50 feature-title&#8221; css=&#8221;.vc_custom_1539634189443{margin-bottom: 0px !important;}&#8221;][et_gap][et_gallery gallery_link=&#8221;lightbox&#8221; gallery_overlay=&#8221;transform&#8221; gallery_animation_type=&#8221;random&#8221; gallery_animation_effect=&#8221;moveUp&#8221; gallery_column=&#8221;4&#8243; gallery_gap=&#8221;24&#8243; gallery_images=&#8221;14026,14025,14024,14023&#8243;][\/vc_column_inner][\/vc_row_inner][et_gap][\/vc_column][\/vc_row][vc_row full_width=&#8221;stretch_row&#8221; css=&#8221;.vc_custom_1539630680107{background-color: #ffffff !important;}&#8221;][vc_column][vc_row_inner][vc_column_inner width=&#8221;1\/2&#8243;][et_gap][vc_custom_heading text=&#8221;Esponja Antiaderente &#8221; font_container=&#8221;tag:h3|font_size:38px|text_align:left|color:%23dd3333|line_height:40px&#8221; use_theme_fonts=&#8221;yes&#8221; el_class=&#8221;letter-spacing-50 feature-title&#8221; css=&#8221;.vc_custom_1539721040807{margin-bottom: 0px !important;}&#8221;][et_gap][vc_column_text el_class=&#8221;feature-text-left&#8221;]<\/p>\n<p style=\"font-size: 15px; line-height: 18px;\"><b>Descri\u00e7\u00e3o:<\/b><br \/>\nEssa esponja possui agente bacteriost\u00e1tico, indicada para a limpeza de superf\u00edcies com revestimento antiaderente.<\/p>\n<p>[\/vc_column_text][et_gap height=&#8221;40&#8243; custom_class=&#8221;hide1280&#8243;][vc_custom_heading text=&#8221;Dimens\u00f5es: 75x110x20mm&#8221; font_container=&#8221;tag:h3|font_size:12px|text_align:left|color:%23757575&#8243; use_theme_fonts=&#8221;yes&#8221; mobile_font_size=&#8221;14px&#8221; tablet_font_size=&#8221;14px&#8221; el_class=&#8221;letter-spacing-50 feature-title&#8221; css=&#8221;.vc_custom_1539634279215{margin-bottom: 0px !important;}&#8221;][et_separator][vc_custom_heading text=&#8221;Embalagem: Caixa com 200 esponjas (granel, BOPP individual ou pacote com 10 unidade&#8221; font_container=&#8221;tag:h3|font_size:12px|text_align:left|color:%23757575&#8243; use_theme_fonts=&#8221;yes&#8221; el_class=&#8221;letter-spacing-50 feature-title&#8221; css=&#8221;.vc_custom_1539634287967{margin-bottom: 0px !important;}&#8221;][et_gap][et_gallery gallery_link=&#8221;lightbox&#8221; gallery_overlay=&#8221;transform&#8221; gallery_animation_type=&#8221;random&#8221; gallery_animation_effect=&#8221;moveUp&#8221; gallery_column=&#8221;4&#8243; gallery_gap=&#8221;24&#8243;][\/vc_column_inner][vc_column_inner width=&#8221;1\/2&#8243; css=&#8221;.vc_custom_1539631020804{padding-left: 20px !important;}&#8221;][et_image link=&#8221;lightbox&#8221; preloader=&#8221;true&#8221; src=&#8221;14034&#8243;][\/vc_column_inner][\/vc_row_inner][et_gap][\/vc_column][\/vc_row][vc_row full_width=&#8221;stretch_row&#8221; css=&#8221;.vc_custom_1539629645696{background-color: #f5f5f5 !important;}&#8221;][vc_column][vc_row_inner][vc_column_inner width=&#8221;1\/2&#8243; css=&#8221;.vc_custom_1539630548254{padding-right: 10px !important;}&#8221;][et_gap][et_image link=&#8221;lightbox&#8221; preloader=&#8221;true&#8221; src=&#8221;14035&#8243;][\/vc_column_inner][vc_column_inner width=&#8221;1\/2&#8243; css=&#8221;.vc_custom_1539631056611{padding-left: 20px !important;}&#8221;][et_gap][vc_custom_heading text=&#8221;Esponja Superficies Delicadas&#8221; font_container=&#8221;tag:h3|font_size:38px|text_align:left|color:%23dd3333|line_height:40px&#8221; use_theme_fonts=&#8221;yes&#8221; el_class=&#8221;letter-spacing-50 feature-title&#8221; css=&#8221;.vc_custom_1539721169087{margin-bottom: 0px !important;}&#8221;][et_gap][vc_column_text el_class=&#8221;feature-text-left&#8221;]<\/p>\n<p style=\"font-size: 15px; line-height: 18px;\"><b>Descri\u00e7\u00e3o\u00a0<\/b><br \/>\nIndicada para limpeza de lou\u00e7as, porcelanas, acr\u00edlicos e outras superf\u00edcies lisas e delicadas.<\/p>\n<p>[\/vc_column_text][et_gap height=&#8221;40&#8243; custom_class=&#8221;hide1280&#8243;][vc_custom_heading text=&#8221;Dimens\u00f5es: 75x110x20mm&#8221; font_container=&#8221;tag:h3|font_size:12px|text_align:left|color:%23757575&#8243; use_theme_fonts=&#8221;yes&#8221; mobile_font_size=&#8221;14px&#8221; tablet_font_size=&#8221;14px&#8221; el_class=&#8221;letter-spacing-50 feature-title&#8221; css=&#8221;.vc_custom_1539634422707{margin-bottom: 0px !important;}&#8221;][et_separator][vc_custom_heading text=&#8221;Embalagem: Caixa com 200 esponjas (granel, BOPP individual ou pacote com 10 unidades)&#8221; font_container=&#8221;tag:h3|font_size:12px|text_align:left|color:%23757575&#8243; use_theme_fonts=&#8221;yes&#8221; el_class=&#8221;letter-spacing-50 feature-title&#8221; css=&#8221;.vc_custom_1539634434585{margin-bottom: 0px !important;}&#8221;][et_gap][et_gallery gallery_link=&#8221;lightbox&#8221; gallery_overlay=&#8221;transform&#8221; gallery_animation_type=&#8221;random&#8221; gallery_animation_effect=&#8221;moveUp&#8221; gallery_column=&#8221;4&#8243; gallery_gap=&#8221;24&#8243; gallery_images=&#8221;14032,14031&#8243;][\/vc_column_inner][\/vc_row_inner][et_gap][\/vc_column][\/vc_row][vc_row full_width=&#8221;stretch_row&#8221; css=&#8221;.vc_custom_1539630680107{background-color: #ffffff !important;}&#8221;][vc_column][vc_row_inner][vc_column_inner width=&#8221;1\/2&#8243;][et_gap][vc_custom_heading text=&#8221;Esponja Limpa Piso&#8221; font_container=&#8221;tag:h3|font_size:38px|text_align:left|color:%23dd3333|line_height:40px&#8221; use_theme_fonts=&#8221;yes&#8221; el_class=&#8221;letter-spacing-50 feature-title&#8221; css=&#8221;.vc_custom_1539634445098{margin-bottom: 0px !important;}&#8221;][et_gap][vc_column_text el_class=&#8221;feature-text-left&#8221;]<\/p>\n<p style=\"font-size: 15px; line-height: 18px;\"><b>Descri\u00e7\u00e3o:<\/b><br \/>\nIdeal para remover crostas de sujeira em pisos cer\u00e2micos e azulejos.<\/p>\n<p>[\/vc_column_text][et_gap height=&#8221;40&#8243; custom_class=&#8221;hide1280&#8243;][vc_custom_heading text=&#8221;Dimens\u00f5es: 90x245mm&#8221; font_container=&#8221;tag:h3|font_size:12px|text_align:left|color:%23757575&#8243; use_theme_fonts=&#8221;yes&#8221; mobile_font_size=&#8221;14px&#8221; tablet_font_size=&#8221;14px&#8221; el_class=&#8221;letter-spacing-50 feature-title&#8221; css=&#8221;.vc_custom_1539634480856{margin-bottom: 0px !important;}&#8221;][et_separator][vc_custom_heading text=&#8221;Embalagem: Caixa com 200 esponjas (granel, BOPP individual ou pacote com 10 unidades)&#8221; font_container=&#8221;tag:h3|font_size:12px|text_align:left|color:%23757575&#8243; use_theme_fonts=&#8221;yes&#8221; el_class=&#8221;letter-spacing-50 feature-title&#8221; css=&#8221;.vc_custom_1539634492096{margin-bottom: 0px !important;}&#8221;][et_gap][\/vc_column_inner][vc_column_inner width=&#8221;1\/2&#8243; css=&#8221;.vc_custom_1539631020804{padding-left: 20px !important;}&#8221;][et_image link=&#8221;lightbox&#8221; preloader=&#8221;true&#8221; src=&#8221;14036&#8243;][\/vc_column_inner][\/vc_row_inner][et_gap][\/vc_column][\/vc_row][vc_row full_width=&#8221;stretch_row&#8221; css=&#8221;.vc_custom_1539629645696{background-color: #f5f5f5 !important;}&#8221;][vc_column][vc_row_inner][vc_column_inner width=&#8221;1\/2&#8243; css=&#8221;.vc_custom_1539630548254{padding-right: 10px !important;}&#8221;][et_gap][et_image link=&#8221;lightbox&#8221; preloader=&#8221;true&#8221; src=&#8221;14022&#8243;][\/vc_column_inner][vc_column_inner width=&#8221;1\/2&#8243; css=&#8221;.vc_custom_1539631056611{padding-left: 20px !important;}&#8221;][et_gap][vc_custom_heading text=&#8221;Esponja Limpa Vidro &#8221; font_container=&#8221;tag:h3|font_size:38px|text_align:left|color:%23dd3333|line_height:40px&#8221; use_theme_fonts=&#8221;yes&#8221; el_class=&#8221;letter-spacing-50 feature-title&#8221; css=&#8221;.vc_custom_1539721230584{margin-bottom: 0px !important;}&#8221;][et_gap][vc_column_text el_class=&#8221;feature-text-left&#8221;]<\/p>\n<p style=\"font-size: 15px; line-height: 18px;\"><b>Descri\u00e7\u00e3o\u00a0<\/b><br \/>\nSua textura macia \u00e9 ideal para uma limpeza eficaz sem riscos, em vidra\u00e7as e janelas.<\/p>\n<p>[\/vc_column_text][et_gap height=&#8221;40&#8243; custom_class=&#8221;hide1280&#8243;][vc_custom_heading text=&#8221;Dimens\u00f5es: 90x245mm&#8221; font_container=&#8221;tag:h3|font_size:12px|text_align:left|color:%23757575&#8243; use_theme_fonts=&#8221;yes&#8221; mobile_font_size=&#8221;14px&#8221; tablet_font_size=&#8221;14px&#8221; el_class=&#8221;letter-spacing-50 feature-title&#8221; css=&#8221;.vc_custom_1539634725119{margin-bottom: 0px !important;}&#8221;][et_separator][vc_custom_heading text=&#8221;Embalagem: Caixa com 200 esponjas (granel, BOPP individual ou pacote com 10 unidades)&#8221; font_container=&#8221;tag:h3|font_size:12px|text_align:left|color:%23757575&#8243; use_theme_fonts=&#8221;yes&#8221; el_class=&#8221;letter-spacing-50 feature-title&#8221; css=&#8221;.vc_custom_1539634735886{margin-bottom: 0px !important;}&#8221;][et_gap][\/vc_column_inner][\/vc_row_inner][et_gap][\/vc_column][\/vc_row]<\/p>\n","protected":false},"excerpt":{"rendered":"<p>[vc_row][vc_column][et_gap height=&#8221;40&#8243; custom_class=&#8221;hide768&#8243;][et_gap height=&#8221;40&#8243; custom_class=&#8221;hide768&#8243;][\/vc_column][\/vc_row][vc_row full_width=&#8221;stretch_row&#8221; css=&#8221;.vc_custom_1539629645696{background-color: #f5f5f5 !important;}&#8221;][vc_column][vc_row_inner][vc_column_inner width=&#8221;1\/2&#8243; css=&#8221;.vc_custom_1539630548254{padding-right: 10px !important;}&#8221;][et_gap][et_image link=&#8221;lightbox&#8221; preloader=&#8221;true&#8221; src=&#8221;14023&#8243;][\/vc_column_inner][vc_column_inner width=&#8221;1\/2&#8243; css=&#8221;.vc_custom_1539631056611{padding-left: 20px !important;}&#8221;][et_gap][vc_custom_heading text=&#8221;Esponja Multiuso &#8221; font_container=&#8221;tag:h3|font_size:38px|text_align:left|color:%23dd3333|line_height:40px&#8221; use_theme_fonts=&#8221;yes&#8221; el_class=&#8221;letter-spacing-50 feature-title&#8221; css=&#8221;.vc_custom_1539720951445{margin-bottom: 0px !important;}&#8221;][et_gap][vc_column_text el_class=&#8221;feature-text-left&#8221;] Descri\u00e7\u00e3o\u00a0 Esponja VERDE\/AMARELA\u00a0 e indicada para limpeza de copos, pratos, panelas, lou\u00e7as, talheres e limpeza em geral de diversas superf\u00edcies [\/vc_column_text][et_gap height=&#8221;40&#8243; custom_class=&#8221;hide1280&#8243;][vc_custom_heading text=&#8221;75 [&hellip;]<\/p>\n","protected":false},"author":4,"featured_media":0,"parent":0,"menu_order":0,"comment_status":"closed","ping_status":"closed","template":"page-vc.php","meta":{"_joinchat":[],"footnotes":""},"class_list":["post-14041","page","type-page","status-publish","hentry"],"yoast_head":"<!-- This site is optimized with the Yoast SEO plugin v26.9 - https:\/\/yoast.com\/product\/yoast-seo-wordpress\/ -->\n<title>Esponjas - British<\/title>\n<meta name=\"robots\" content=\"index, follow, max-snippet:-1, max-image-preview:large, max-video-preview:-1\" \/>\n<link rel=\"canonical\" href=\"https:\/\/www.british.com.br\/site\/pt\/esponjas\/\" \/>\n<meta property=\"og:locale\" content=\"pt_BR\" \/>\n<meta property=\"og:type\" content=\"article\" \/>\n<meta property=\"og:title\" content=\"Esponjas - British\" \/>\n<meta property=\"og:description\" content=\"[vc_row][vc_column][et_gap height=&#8221;40&#8243; custom_class=&#8221;hide768&#8243;][et_gap height=&#8221;40&#8243; custom_class=&#8221;hide768&#8243;][\/vc_column][\/vc_row][vc_row full_width=&#8221;stretch_row&#8221; css=&#8221;.vc_custom_1539629645696{background-color: #f5f5f5 !important;}&#8221;][vc_column][vc_row_inner][vc_column_inner width=&#8221;1\/2&#8243; css=&#8221;.vc_custom_1539630548254{padding-right: 10px !important;}&#8221;][et_gap][et_image link=&#8221;lightbox&#8221; preloader=&#8221;true&#8221; src=&#8221;14023&#8243;][\/vc_column_inner][vc_column_inner width=&#8221;1\/2&#8243; css=&#8221;.vc_custom_1539631056611{padding-left: 20px !important;}&#8221;][et_gap][vc_custom_heading text=&#8221;Esponja Multiuso &#8221; font_container=&#8221;tag:h3|font_size:38px|text_align:left|color:%23dd3333|line_height:40px&#8221; use_theme_fonts=&#8221;yes&#8221; el_class=&#8221;letter-spacing-50 feature-title&#8221; css=&#8221;.vc_custom_1539720951445{margin-bottom: 0px !important;}&#8221;][et_gap][vc_column_text el_class=&#8221;feature-text-left&#8221;] Descri\u00e7\u00e3o\u00a0 Esponja VERDE\/AMARELA\u00a0 e indicada para limpeza de copos, pratos, panelas, lou\u00e7as, talheres e limpeza em geral de diversas superf\u00edcies [\/vc_column_text][et_gap height=&#8221;40&#8243; custom_class=&#8221;hide1280&#8243;][vc_custom_heading text=&#8221;75 [&hellip;]\" \/>\n<meta property=\"og:url\" content=\"https:\/\/www.british.com.br\/site\/pt\/esponjas\/\" \/>\n<meta property=\"og:site_name\" content=\"British\" \/>\n<meta property=\"article:publisher\" content=\"https:\/\/www.facebook.com\/BritishAbrasives\/\" \/>\n<meta property=\"article:modified_time\" content=\"2018-10-16T20:22:49+00:00\" \/>\n<meta name=\"twitter:card\" content=\"summary_large_image\" \/>\n<meta name=\"twitter:label1\" content=\"Est. tempo de leitura\" \/>\n\t<meta name=\"twitter:data1\" content=\"6 minutos\" \/>\n<script type=\"application\/ld+json\" class=\"yoast-schema-graph\">{\"@context\":\"https:\/\/schema.org\",\"@graph\":[{\"@type\":\"WebPage\",\"@id\":\"https:\/\/www.british.com.br\/site\/pt\/esponjas\/\",\"url\":\"https:\/\/www.british.com.br\/site\/pt\/esponjas\/\",\"name\":\"Esponjas - British\",\"isPartOf\":{\"@id\":\"https:\/\/www.british.com.br\/site\/#website\"},\"datePublished\":\"2018-10-15T20:12:26+00:00\",\"dateModified\":\"2018-10-16T20:22:49+00:00\",\"breadcrumb\":{\"@id\":\"https:\/\/www.british.com.br\/site\/pt\/esponjas\/#breadcrumb\"},\"inLanguage\":\"pt-BR\",\"potentialAction\":[{\"@type\":\"ReadAction\",\"target\":[\"https:\/\/www.british.com.br\/site\/pt\/esponjas\/\"]}]},{\"@type\":\"BreadcrumbList\",\"@id\":\"https:\/\/www.british.com.br\/site\/pt\/esponjas\/#breadcrumb\",\"itemListElement\":[{\"@type\":\"ListItem\",\"position\":1,\"name\":\"In\u00edcio\",\"item\":\"https:\/\/www.british.com.br\/site\/pt\/british-principal\/\"},{\"@type\":\"ListItem\",\"position\":2,\"name\":\"Esponjas\"}]},{\"@type\":\"WebSite\",\"@id\":\"https:\/\/www.british.com.br\/site\/#website\",\"url\":\"https:\/\/www.british.com.br\/site\/\",\"name\":\"British\",\"description\":\"Abrasives For a Better World\",\"publisher\":{\"@id\":\"https:\/\/www.british.com.br\/site\/#organization\"},\"potentialAction\":[{\"@type\":\"SearchAction\",\"target\":{\"@type\":\"EntryPoint\",\"urlTemplate\":\"https:\/\/www.british.com.br\/site\/?s={search_term_string}\"},\"query-input\":{\"@type\":\"PropertyValueSpecification\",\"valueRequired\":true,\"valueName\":\"search_term_string\"}}],\"inLanguage\":\"pt-BR\"},{\"@type\":\"Organization\",\"@id\":\"https:\/\/www.british.com.br\/site\/#organization\",\"name\":\"British\",\"url\":\"https:\/\/www.british.com.br\/site\/\",\"logo\":{\"@type\":\"ImageObject\",\"inLanguage\":\"pt-BR\",\"@id\":\"https:\/\/www.british.com.br\/site\/#\/schema\/logo\/image\/\",\"url\":\"https:\/\/www.british.com.br\/site\/wp-content\/uploads\/2018\/10\/LogoTipo-British-3.png\",\"contentUrl\":\"https:\/\/www.british.com.br\/site\/wp-content\/uploads\/2018\/10\/LogoTipo-British-3.png\",\"width\":595,\"height\":272,\"caption\":\"British\"},\"image\":{\"@id\":\"https:\/\/www.british.com.br\/site\/#\/schema\/logo\/image\/\"},\"sameAs\":[\"https:\/\/www.facebook.com\/BritishAbrasives\/\",\"https:\/\/www.linkedin.com\/company\/britishabrasives\",\"https:\/\/www.instagram.com\/britishabrasives\/\"]}]}<\/script>\n<!-- \/ Yoast SEO plugin. -->","yoast_head_json":{"title":"Esponjas - British","robots":{"index":"index","follow":"follow","max-snippet":"max-snippet:-1","max-image-preview":"max-image-preview:large","max-video-preview":"max-video-preview:-1"},"canonical":"https:\/\/www.british.com.br\/site\/pt\/esponjas\/","og_locale":"pt_BR","og_type":"article","og_title":"Esponjas - British","og_description":"[vc_row][vc_column][et_gap height=&#8221;40&#8243; custom_class=&#8221;hide768&#8243;][et_gap height=&#8221;40&#8243; custom_class=&#8221;hide768&#8243;][\/vc_column][\/vc_row][vc_row full_width=&#8221;stretch_row&#8221; css=&#8221;.vc_custom_1539629645696{background-color: #f5f5f5 !important;}&#8221;][vc_column][vc_row_inner][vc_column_inner width=&#8221;1\/2&#8243; css=&#8221;.vc_custom_1539630548254{padding-right: 10px !important;}&#8221;][et_gap][et_image link=&#8221;lightbox&#8221; preloader=&#8221;true&#8221; src=&#8221;14023&#8243;][\/vc_column_inner][vc_column_inner width=&#8221;1\/2&#8243; css=&#8221;.vc_custom_1539631056611{padding-left: 20px !important;}&#8221;][et_gap][vc_custom_heading text=&#8221;Esponja Multiuso &#8221; font_container=&#8221;tag:h3|font_size:38px|text_align:left|color:%23dd3333|line_height:40px&#8221; use_theme_fonts=&#8221;yes&#8221; el_class=&#8221;letter-spacing-50 feature-title&#8221; css=&#8221;.vc_custom_1539720951445{margin-bottom: 0px !important;}&#8221;][et_gap][vc_column_text el_class=&#8221;feature-text-left&#8221;] Descri\u00e7\u00e3o\u00a0 Esponja VERDE\/AMARELA\u00a0 e indicada para limpeza de copos, pratos, panelas, lou\u00e7as, talheres e limpeza em geral de diversas superf\u00edcies [\/vc_column_text][et_gap height=&#8221;40&#8243; custom_class=&#8221;hide1280&#8243;][vc_custom_heading text=&#8221;75 [&hellip;]","og_url":"https:\/\/www.british.com.br\/site\/pt\/esponjas\/","og_site_name":"British","article_publisher":"https:\/\/www.facebook.com\/BritishAbrasives\/","article_modified_time":"2018-10-16T20:22:49+00:00","twitter_card":"summary_large_image","twitter_misc":{"Est. tempo de leitura":"6 minutos"},"schema":{"@context":"https:\/\/schema.org","@graph":[{"@type":"WebPage","@id":"https:\/\/www.british.com.br\/site\/pt\/esponjas\/","url":"https:\/\/www.british.com.br\/site\/pt\/esponjas\/","name":"Esponjas - British","isPartOf":{"@id":"https:\/\/www.british.com.br\/site\/#website"},"datePublished":"2018-10-15T20:12:26+00:00","dateModified":"2018-10-16T20:22:49+00:00","breadcrumb":{"@id":"https:\/\/www.british.com.br\/site\/pt\/esponjas\/#breadcrumb"},"inLanguage":"pt-BR","potentialAction":[{"@type":"ReadAction","target":["https:\/\/www.british.com.br\/site\/pt\/esponjas\/"]}]},{"@type":"BreadcrumbList","@id":"https:\/\/www.british.com.br\/site\/pt\/esponjas\/#breadcrumb","itemListElement":[{"@type":"ListItem","position":1,"name":"In\u00edcio","item":"https:\/\/www.british.com.br\/site\/pt\/british-principal\/"},{"@type":"ListItem","position":2,"name":"Esponjas"}]},{"@type":"WebSite","@id":"https:\/\/www.british.com.br\/site\/#website","url":"https:\/\/www.british.com.br\/site\/","name":"British","description":"Abrasives For a Better World","publisher":{"@id":"https:\/\/www.british.com.br\/site\/#organization"},"potentialAction":[{"@type":"SearchAction","target":{"@type":"EntryPoint","urlTemplate":"https:\/\/www.british.com.br\/site\/?s={search_term_string}"},"query-input":{"@type":"PropertyValueSpecification","valueRequired":true,"valueName":"search_term_string"}}],"inLanguage":"pt-BR"},{"@type":"Organization","@id":"https:\/\/www.british.com.br\/site\/#organization","name":"British","url":"https:\/\/www.british.com.br\/site\/","logo":{"@type":"ImageObject","inLanguage":"pt-BR","@id":"https:\/\/www.british.com.br\/site\/#\/schema\/logo\/image\/","url":"https:\/\/www.british.com.br\/site\/wp-content\/uploads\/2018\/10\/LogoTipo-British-3.png","contentUrl":"https:\/\/www.british.com.br\/site\/wp-content\/uploads\/2018\/10\/LogoTipo-British-3.png","width":595,"height":272,"caption":"British"},"image":{"@id":"https:\/\/www.british.com.br\/site\/#\/schema\/logo\/image\/"},"sameAs":["https:\/\/www.facebook.com\/BritishAbrasives\/","https:\/\/www.linkedin.com\/company\/britishabrasives","https:\/\/www.instagram.com\/britishabrasives\/"]}]}},"_links":{"self":[{"href":"https:\/\/www.british.com.br\/site\/wp-json\/wp\/v2\/pages\/14041","targetHints":{"allow":["GET"]}}],"collection":[{"href":"https:\/\/www.british.com.br\/site\/wp-json\/wp\/v2\/pages"}],"about":[{"href":"https:\/\/www.british.com.br\/site\/wp-json\/wp\/v2\/types\/page"}],"author":[{"embeddable":true,"href":"https:\/\/www.british.com.br\/site\/wp-json\/wp\/v2\/users\/4"}],"replies":[{"embeddable":true,"href":"https:\/\/www.british.com.br\/site\/wp-json\/wp\/v2\/comments?post=14041"}],"version-history":[{"count":7,"href":"https:\/\/www.british.com.br\/site\/wp-json\/wp\/v2\/pages\/14041\/revisions"}],"predecessor-version":[{"id":14283,"href":"https:\/\/www.british.com.br\/site\/wp-json\/wp\/v2\/pages\/14041\/revisions\/14283"}],"wp:attachment":[{"href":"https:\/\/www.british.com.br\/site\/wp-json\/wp\/v2\/media?parent=14041"}],"curies":[{"name":"wp","href":"https:\/\/api.w.org\/{rel}","templated":true}]}}