{"id":14636,"date":"2018-10-30T09:13:30","date_gmt":"2018-10-30T12:13:30","guid":{"rendered":"http:\/\/www.british.com.br\/site\/?page_id=14636"},"modified":"2019-02-21T13:40:21","modified_gmt":"2019-02-21T16:40:21","slug":"esponja-ecologica-antiaderente","status":"publish","type":"page","link":"https:\/\/www.british.com.br\/site\/pt\/esponja-ecologica-antiaderente\/","title":{"rendered":"Esponja Ecol\u00f3gica Antiaderente"},"content":{"rendered":"<p>[vc_row full_width=&#8221;stretch_row_content&#8221; css=&#8221;.vc_custom_1547660003714{padding-top: 50px !important;padding-bottom: 50px !important;background-color: #dd3333 !important;}&#8221;][vc_column][vc_column_text]<\/p>\n<h3 style=\"text-align: center;\"><span style=\"color: #ffffff;\">Linha Marca Pr\u00f3pria\u00a0 \/\u00a0 ESPONJAS\u00a0<\/span><\/h3>\n<p>[\/vc_column_text][\/vc_column][\/vc_row][vc_row][vc_column][et_gap height=&#8221;40&#8243; custom_class=&#8221;hide768&#8243;][et_gap height=&#8221;40&#8243; custom_class=&#8221;hide768&#8243;][\/vc_column][\/vc_row][vc_row][vc_column][vc_column_text]<br \/>\n[\/vc_column_text][\/vc_column][\/vc_row][vc_row][vc_column][et_gap height=&#8221;40&#8243; custom_class=&#8221;hide768&#8243;][et_gap height=&#8221;40&#8243; custom_class=&#8221;hide768&#8243;][\/vc_column][\/vc_row][vc_row full_width=&#8221;stretch_row&#8221; css=&#8221;.vc_custom_1540842537076{background-color: #ffffff !important;}&#8221;][vc_column width=&#8221;1\/2&#8243;][et_gap][vc_gallery interval=&#8221;3&#8243; images=&#8221;15558&#8243; img_size=&#8221;full&#8221;][et_gap][\/vc_column][vc_column width=&#8221;1\/2&#8243;][vc_custom_heading text=&#8221;Ecol\u00f3gica e Antiaderente<br \/>\nSuper British&#8221; font_container=&#8221;tag:h5|font_size:30px|text_align:left|color:%23dd3333|line_height:40px&#8221; use_theme_fonts=&#8221;yes&#8221; el_class=&#8221;letter-spacing-50 feature-title&#8221; css=&#8221;.vc_custom_1540901841710{margin-bottom: 0px !important;}&#8221;][et_gap][et_tab][et_tab_item active=&#8221;true&#8221; title=&#8221;Descri\u00e7\u00e3o&#8221;][vc_column_text el_class=&#8221;feature-text-left&#8221;]<strong>Descri\u00e7\u00e3o\u00a0<\/strong><br \/>\nEsponja com agente bacteriost\u00e1tico, indicada para a limpeza de superf\u00edcies com revestimento antiaderente.<\/p>\n<p><strong>Medidas | Embalagens:\u00a0\u00a0<\/strong>Conforme necessidade do cliente.[\/vc_column_text][\/et_tab_item][et_tab_item active=&#8221;true&#8221; title=&#8221;Especifica\u00e7\u00f5es&#8221;][vc_column_text]<\/p>\n<table width=\"524\">\n<tbody>\n<tr>\n<td width=\"134\">\n<h6 style=\"text-align: center;\"><strong>Dimens\u00f5es (mm):<\/strong><\/h6>\n<\/td>\n<td width=\"111\">\n<h6 style=\"text-align: center;\"><strong>Tipos de Embalagem<\/strong><\/h6>\n<\/td>\n<\/tr>\n<tr>\n<td width=\"134\">\n<h6 style=\"text-align: center;\">68 x 114<\/h6>\n<\/td>\n<td width=\"111\">\n<h6 style=\"text-align: center;\">01 UN | Pcte. 2 UN| Pcte. 3 UN.<\/h6>\n<\/td>\n<\/tr>\n<\/tbody>\n<\/table>\n<p>[\/vc_column_text][\/et_tab_item][\/et_tab][et_gallery gallery_type=&#8221;carousel&#8221; gallery_link=&#8221;lightbox&#8221; gallery_column=&#8221;3&#8243; gallery_gap=&#8221;0&#8243; gallery_images=&#8221;15552&#8243;][\/vc_column][\/vc_row][vc_row][vc_column][\/vc_column][\/vc_row][vc_row][vc_column][vc_column_text]<br \/>\n[\/vc_column_text][\/vc_column][\/vc_row][vc_row][vc_column][vc_single_image image=&#8221;15041&#8243; img_size=&#8221;full&#8221; alignment=&#8221;center&#8221; onclick=&#8221;custom_link&#8221; css_animation=&#8221;bounceInLeft&#8221; link=&#8221;http:\/\/www.british.com.br\/site\/marca-propria\/&#8221;][\/vc_column][\/vc_row]<\/p>\n","protected":false},"excerpt":{"rendered":"<p>[vc_row full_width=&#8221;stretch_row_content&#8221; css=&#8221;.vc_custom_1547660003714{padding-top: 50px !important;padding-bottom: 50px !important;background-color: #dd3333 !important;}&#8221;][vc_column][vc_column_text] Linha Marca Pr\u00f3pria\u00a0 \/\u00a0 ESPONJAS\u00a0 [\/vc_column_text][\/vc_column][\/vc_row][vc_row][vc_column][et_gap height=&#8221;40&#8243; custom_class=&#8221;hide768&#8243;][et_gap height=&#8221;40&#8243; custom_class=&#8221;hide768&#8243;][\/vc_column][\/vc_row][vc_row][vc_column][vc_column_text] [\/vc_column_text][\/vc_column][\/vc_row][vc_row][vc_column][et_gap height=&#8221;40&#8243; custom_class=&#8221;hide768&#8243;][et_gap height=&#8221;40&#8243; custom_class=&#8221;hide768&#8243;][\/vc_column][\/vc_row][vc_row full_width=&#8221;stretch_row&#8221; css=&#8221;.vc_custom_1540842537076{background-color: #ffffff !important;}&#8221;][vc_column width=&#8221;1\/2&#8243;][et_gap][vc_gallery interval=&#8221;3&#8243; images=&#8221;15558&#8243; img_size=&#8221;full&#8221;][et_gap][\/vc_column][vc_column width=&#8221;1\/2&#8243;][vc_custom_heading text=&#8221;Ecol\u00f3gica e Antiaderente Super British&#8221; font_container=&#8221;tag:h5|font_size:30px|text_align:left|color:%23dd3333|line_height:40px&#8221; use_theme_fonts=&#8221;yes&#8221; el_class=&#8221;letter-spacing-50 feature-title&#8221; css=&#8221;.vc_custom_1540901841710{margin-bottom: 0px !important;}&#8221;][et_gap][et_tab][et_tab_item active=&#8221;true&#8221; title=&#8221;Descri\u00e7\u00e3o&#8221;][vc_column_text el_class=&#8221;feature-text-left&#8221;]Descri\u00e7\u00e3o\u00a0 Esponja com agente bacteriost\u00e1tico, indicada para a [&hellip;]<\/p>\n","protected":false},"author":4,"featured_media":0,"parent":0,"menu_order":0,"comment_status":"closed","ping_status":"closed","template":"page-vc.php","meta":{"_joinchat":[],"footnotes":""},"class_list":["post-14636","page","type-page","status-publish","hentry"],"yoast_head":"<!-- This site is optimized with the Yoast SEO plugin v26.9 - https:\/\/yoast.com\/product\/yoast-seo-wordpress\/ -->\n<title>Esponja Ecol\u00f3gica Antiaderente - British<\/title>\n<meta name=\"robots\" content=\"index, follow, max-snippet:-1, max-image-preview:large, max-video-preview:-1\" \/>\n<link rel=\"canonical\" href=\"https:\/\/www.british.com.br\/site\/pt\/esponja-ecologica-antiaderente\/\" \/>\n<meta property=\"og:locale\" content=\"pt_BR\" \/>\n<meta property=\"og:type\" content=\"article\" \/>\n<meta property=\"og:title\" content=\"Esponja Ecol\u00f3gica Antiaderente - British\" \/>\n<meta property=\"og:description\" content=\"[vc_row full_width=&#8221;stretch_row_content&#8221; css=&#8221;.vc_custom_1547660003714{padding-top: 50px !important;padding-bottom: 50px !important;background-color: #dd3333 !important;}&#8221;][vc_column][vc_column_text] Linha Marca Pr\u00f3pria\u00a0 \/\u00a0 ESPONJAS\u00a0 [\/vc_column_text][\/vc_column][\/vc_row][vc_row][vc_column][et_gap height=&#8221;40&#8243; custom_class=&#8221;hide768&#8243;][et_gap height=&#8221;40&#8243; custom_class=&#8221;hide768&#8243;][\/vc_column][\/vc_row][vc_row][vc_column][vc_column_text] [\/vc_column_text][\/vc_column][\/vc_row][vc_row][vc_column][et_gap height=&#8221;40&#8243; custom_class=&#8221;hide768&#8243;][et_gap height=&#8221;40&#8243; custom_class=&#8221;hide768&#8243;][\/vc_column][\/vc_row][vc_row full_width=&#8221;stretch_row&#8221; css=&#8221;.vc_custom_1540842537076{background-color: #ffffff !important;}&#8221;][vc_column width=&#8221;1\/2&#8243;][et_gap][vc_gallery interval=&#8221;3&#8243; images=&#8221;15558&#8243; img_size=&#8221;full&#8221;][et_gap][\/vc_column][vc_column width=&#8221;1\/2&#8243;][vc_custom_heading text=&#8221;Ecol\u00f3gica e Antiaderente Super British&#8221; font_container=&#8221;tag:h5|font_size:30px|text_align:left|color:%23dd3333|line_height:40px&#8221; use_theme_fonts=&#8221;yes&#8221; el_class=&#8221;letter-spacing-50 feature-title&#8221; css=&#8221;.vc_custom_1540901841710{margin-bottom: 0px !important;}&#8221;][et_gap][et_tab][et_tab_item active=&#8221;true&#8221; title=&#8221;Descri\u00e7\u00e3o&#8221;][vc_column_text el_class=&#8221;feature-text-left&#8221;]Descri\u00e7\u00e3o\u00a0 Esponja com agente bacteriost\u00e1tico, indicada para a [&hellip;]\" \/>\n<meta property=\"og:url\" content=\"https:\/\/www.british.com.br\/site\/pt\/esponja-ecologica-antiaderente\/\" \/>\n<meta property=\"og:site_name\" content=\"British\" \/>\n<meta property=\"article:publisher\" content=\"https:\/\/www.facebook.com\/BritishAbrasives\/\" \/>\n<meta property=\"article:modified_time\" content=\"2019-02-21T16:40:21+00:00\" \/>\n<meta name=\"twitter:card\" content=\"summary_large_image\" \/>\n<meta name=\"twitter:label1\" content=\"Est. tempo de leitura\" \/>\n\t<meta name=\"twitter:data1\" content=\"2 minutos\" \/>\n<script type=\"application\/ld+json\" class=\"yoast-schema-graph\">{\"@context\":\"https:\/\/schema.org\",\"@graph\":[{\"@type\":\"WebPage\",\"@id\":\"https:\/\/www.british.com.br\/site\/pt\/esponja-ecologica-antiaderente\/\",\"url\":\"https:\/\/www.british.com.br\/site\/pt\/esponja-ecologica-antiaderente\/\",\"name\":\"Esponja Ecol\u00f3gica Antiaderente - British\",\"isPartOf\":{\"@id\":\"https:\/\/www.british.com.br\/site\/#website\"},\"datePublished\":\"2018-10-30T12:13:30+00:00\",\"dateModified\":\"2019-02-21T16:40:21+00:00\",\"breadcrumb\":{\"@id\":\"https:\/\/www.british.com.br\/site\/pt\/esponja-ecologica-antiaderente\/#breadcrumb\"},\"inLanguage\":\"pt-BR\",\"potentialAction\":[{\"@type\":\"ReadAction\",\"target\":[\"https:\/\/www.british.com.br\/site\/pt\/esponja-ecologica-antiaderente\/\"]}]},{\"@type\":\"BreadcrumbList\",\"@id\":\"https:\/\/www.british.com.br\/site\/pt\/esponja-ecologica-antiaderente\/#breadcrumb\",\"itemListElement\":[{\"@type\":\"ListItem\",\"position\":1,\"name\":\"In\u00edcio\",\"item\":\"https:\/\/www.british.com.br\/site\/pt\/british-principal\/\"},{\"@type\":\"ListItem\",\"position\":2,\"name\":\"Esponja Ecol\u00f3gica Antiaderente\"}]},{\"@type\":\"WebSite\",\"@id\":\"https:\/\/www.british.com.br\/site\/#website\",\"url\":\"https:\/\/www.british.com.br\/site\/\",\"name\":\"British\",\"description\":\"Abrasives For a Better World\",\"publisher\":{\"@id\":\"https:\/\/www.british.com.br\/site\/#organization\"},\"potentialAction\":[{\"@type\":\"SearchAction\",\"target\":{\"@type\":\"EntryPoint\",\"urlTemplate\":\"https:\/\/www.british.com.br\/site\/?s={search_term_string}\"},\"query-input\":{\"@type\":\"PropertyValueSpecification\",\"valueRequired\":true,\"valueName\":\"search_term_string\"}}],\"inLanguage\":\"pt-BR\"},{\"@type\":\"Organization\",\"@id\":\"https:\/\/www.british.com.br\/site\/#organization\",\"name\":\"British\",\"url\":\"https:\/\/www.british.com.br\/site\/\",\"logo\":{\"@type\":\"ImageObject\",\"inLanguage\":\"pt-BR\",\"@id\":\"https:\/\/www.british.com.br\/site\/#\/schema\/logo\/image\/\",\"url\":\"https:\/\/www.british.com.br\/site\/wp-content\/uploads\/2018\/10\/LogoTipo-British-3.png\",\"contentUrl\":\"https:\/\/www.british.com.br\/site\/wp-content\/uploads\/2018\/10\/LogoTipo-British-3.png\",\"width\":595,\"height\":272,\"caption\":\"British\"},\"image\":{\"@id\":\"https:\/\/www.british.com.br\/site\/#\/schema\/logo\/image\/\"},\"sameAs\":[\"https:\/\/www.facebook.com\/BritishAbrasives\/\",\"https:\/\/www.linkedin.com\/company\/britishabrasives\",\"https:\/\/www.instagram.com\/britishabrasives\/\"]}]}<\/script>\n<!-- \/ Yoast SEO plugin. -->","yoast_head_json":{"title":"Esponja Ecol\u00f3gica Antiaderente - British","robots":{"index":"index","follow":"follow","max-snippet":"max-snippet:-1","max-image-preview":"max-image-preview:large","max-video-preview":"max-video-preview:-1"},"canonical":"https:\/\/www.british.com.br\/site\/pt\/esponja-ecologica-antiaderente\/","og_locale":"pt_BR","og_type":"article","og_title":"Esponja Ecol\u00f3gica Antiaderente - British","og_description":"[vc_row full_width=&#8221;stretch_row_content&#8221; css=&#8221;.vc_custom_1547660003714{padding-top: 50px !important;padding-bottom: 50px !important;background-color: #dd3333 !important;}&#8221;][vc_column][vc_column_text] Linha Marca Pr\u00f3pria\u00a0 \/\u00a0 ESPONJAS\u00a0 [\/vc_column_text][\/vc_column][\/vc_row][vc_row][vc_column][et_gap height=&#8221;40&#8243; custom_class=&#8221;hide768&#8243;][et_gap height=&#8221;40&#8243; custom_class=&#8221;hide768&#8243;][\/vc_column][\/vc_row][vc_row][vc_column][vc_column_text] [\/vc_column_text][\/vc_column][\/vc_row][vc_row][vc_column][et_gap height=&#8221;40&#8243; custom_class=&#8221;hide768&#8243;][et_gap height=&#8221;40&#8243; custom_class=&#8221;hide768&#8243;][\/vc_column][\/vc_row][vc_row full_width=&#8221;stretch_row&#8221; css=&#8221;.vc_custom_1540842537076{background-color: #ffffff !important;}&#8221;][vc_column width=&#8221;1\/2&#8243;][et_gap][vc_gallery interval=&#8221;3&#8243; images=&#8221;15558&#8243; img_size=&#8221;full&#8221;][et_gap][\/vc_column][vc_column width=&#8221;1\/2&#8243;][vc_custom_heading text=&#8221;Ecol\u00f3gica e Antiaderente Super British&#8221; font_container=&#8221;tag:h5|font_size:30px|text_align:left|color:%23dd3333|line_height:40px&#8221; use_theme_fonts=&#8221;yes&#8221; el_class=&#8221;letter-spacing-50 feature-title&#8221; css=&#8221;.vc_custom_1540901841710{margin-bottom: 0px !important;}&#8221;][et_gap][et_tab][et_tab_item active=&#8221;true&#8221; title=&#8221;Descri\u00e7\u00e3o&#8221;][vc_column_text el_class=&#8221;feature-text-left&#8221;]Descri\u00e7\u00e3o\u00a0 Esponja com agente bacteriost\u00e1tico, indicada para a [&hellip;]","og_url":"https:\/\/www.british.com.br\/site\/pt\/esponja-ecologica-antiaderente\/","og_site_name":"British","article_publisher":"https:\/\/www.facebook.com\/BritishAbrasives\/","article_modified_time":"2019-02-21T16:40:21+00:00","twitter_card":"summary_large_image","twitter_misc":{"Est. tempo de leitura":"2 minutos"},"schema":{"@context":"https:\/\/schema.org","@graph":[{"@type":"WebPage","@id":"https:\/\/www.british.com.br\/site\/pt\/esponja-ecologica-antiaderente\/","url":"https:\/\/www.british.com.br\/site\/pt\/esponja-ecologica-antiaderente\/","name":"Esponja Ecol\u00f3gica Antiaderente - British","isPartOf":{"@id":"https:\/\/www.british.com.br\/site\/#website"},"datePublished":"2018-10-30T12:13:30+00:00","dateModified":"2019-02-21T16:40:21+00:00","breadcrumb":{"@id":"https:\/\/www.british.com.br\/site\/pt\/esponja-ecologica-antiaderente\/#breadcrumb"},"inLanguage":"pt-BR","potentialAction":[{"@type":"ReadAction","target":["https:\/\/www.british.com.br\/site\/pt\/esponja-ecologica-antiaderente\/"]}]},{"@type":"BreadcrumbList","@id":"https:\/\/www.british.com.br\/site\/pt\/esponja-ecologica-antiaderente\/#breadcrumb","itemListElement":[{"@type":"ListItem","position":1,"name":"In\u00edcio","item":"https:\/\/www.british.com.br\/site\/pt\/british-principal\/"},{"@type":"ListItem","position":2,"name":"Esponja Ecol\u00f3gica Antiaderente"}]},{"@type":"WebSite","@id":"https:\/\/www.british.com.br\/site\/#website","url":"https:\/\/www.british.com.br\/site\/","name":"British","description":"Abrasives For a Better World","publisher":{"@id":"https:\/\/www.british.com.br\/site\/#organization"},"potentialAction":[{"@type":"SearchAction","target":{"@type":"EntryPoint","urlTemplate":"https:\/\/www.british.com.br\/site\/?s={search_term_string}"},"query-input":{"@type":"PropertyValueSpecification","valueRequired":true,"valueName":"search_term_string"}}],"inLanguage":"pt-BR"},{"@type":"Organization","@id":"https:\/\/www.british.com.br\/site\/#organization","name":"British","url":"https:\/\/www.british.com.br\/site\/","logo":{"@type":"ImageObject","inLanguage":"pt-BR","@id":"https:\/\/www.british.com.br\/site\/#\/schema\/logo\/image\/","url":"https:\/\/www.british.com.br\/site\/wp-content\/uploads\/2018\/10\/LogoTipo-British-3.png","contentUrl":"https:\/\/www.british.com.br\/site\/wp-content\/uploads\/2018\/10\/LogoTipo-British-3.png","width":595,"height":272,"caption":"British"},"image":{"@id":"https:\/\/www.british.com.br\/site\/#\/schema\/logo\/image\/"},"sameAs":["https:\/\/www.facebook.com\/BritishAbrasives\/","https:\/\/www.linkedin.com\/company\/britishabrasives","https:\/\/www.instagram.com\/britishabrasives\/"]}]}},"_links":{"self":[{"href":"https:\/\/www.british.com.br\/site\/wp-json\/wp\/v2\/pages\/14636","targetHints":{"allow":["GET"]}}],"collection":[{"href":"https:\/\/www.british.com.br\/site\/wp-json\/wp\/v2\/pages"}],"about":[{"href":"https:\/\/www.british.com.br\/site\/wp-json\/wp\/v2\/types\/page"}],"author":[{"embeddable":true,"href":"https:\/\/www.british.com.br\/site\/wp-json\/wp\/v2\/users\/4"}],"replies":[{"embeddable":true,"href":"https:\/\/www.british.com.br\/site\/wp-json\/wp\/v2\/comments?post=14636"}],"version-history":[{"count":12,"href":"https:\/\/www.british.com.br\/site\/wp-json\/wp\/v2\/pages\/14636\/revisions"}],"predecessor-version":[{"id":15793,"href":"https:\/\/www.british.com.br\/site\/wp-json\/wp\/v2\/pages\/14636\/revisions\/15793"}],"wp:attachment":[{"href":"https:\/\/www.british.com.br\/site\/wp-json\/wp\/v2\/media?parent=14636"}],"curies":[{"name":"wp","href":"https:\/\/api.w.org\/{rel}","templated":true}]}}