{"id":14981,"date":"2018-12-19T15:33:53","date_gmt":"2018-12-19T17:33:53","guid":{"rendered":"http:\/\/www.british.com.br\/site\/?page_id=14981"},"modified":"2019-02-21T13:10:44","modified_gmt":"2019-02-21T16:10:44","slug":"super-british-antiaderente","status":"publish","type":"page","link":"https:\/\/www.british.com.br\/site\/pt\/super-british-antiaderente\/","title":{"rendered":"Super British Antiaderente"},"content":{"rendered":"<p>[vc_row full_width=&#8221;stretch_row_content&#8221; css=&#8221;.vc_custom_1548869473119{padding-top: 50px !important;padding-bottom: 50px !important;background-color: #dd3333 !important;}&#8221;][vc_column][vc_column_text]<\/p>\n<h3 style=\"text-align: center;\"><span style=\"color: #ffffff;\">Linha Marca Pr\u00f3pria\u00a0 \/\u00a0 FIBRAS<\/span><\/h3>\n<p>[\/vc_column_text][\/vc_column][\/vc_row][vc_row][vc_column][et_gap height=&#8221;40&#8243; custom_class=&#8221;hide768&#8243;][et_gap height=&#8221;40&#8243; custom_class=&#8221;hide768&#8243;][\/vc_column][\/vc_row][vc_row][vc_column][vc_column_text]<br \/>\n[\/vc_column_text][\/vc_column][\/vc_row][vc_row][vc_column][et_gap height=&#8221;40&#8243; custom_class=&#8221;hide768&#8243;][et_gap height=&#8221;40&#8243; custom_class=&#8221;hide768&#8243;][\/vc_column][\/vc_row][vc_row full_width=&#8221;stretch_row&#8221; css=&#8221;.vc_custom_1540842537076{background-color: #ffffff !important;}&#8221;][vc_column width=&#8221;1\/2&#8243;][et_gap][vc_gallery interval=&#8221;3&#8243; images=&#8221;14982&#8243; img_size=&#8221;full&#8221;][et_gap][\/vc_column][vc_column width=&#8221;1\/2&#8243;][vc_custom_heading text=&#8221;Fibra Azul Antiaderente&#8221; font_container=&#8221;tag:h5|font_size:30px|text_align:left|color:%23dd3333|line_height:40px&#8221; use_theme_fonts=&#8221;yes&#8221; el_class=&#8221;letter-spacing-50 feature-title&#8221; css=&#8221;.vc_custom_1548939223199{margin-bottom: 0px !important;}&#8221;][et_gap][et_tab][et_tab_item active=&#8221;true&#8221; title=&#8221;Descri\u00e7\u00e3o&#8221;][vc_column_text el_class=&#8221;feature-text-left&#8221;]<strong>Descri\u00e7\u00e3o\u00a0<\/strong><br \/>\nSua textura macia efetua uma limpeza eficaz sem riscos em superf\u00edcies delicadas.[\/vc_column_text][\/et_tab_item][et_tab_item active=&#8221;true&#8221; title=&#8221;Especifica\u00e7\u00f5es&#8221;][vc_column_text]<\/p>\n<table width=\"213\">\n<tbody>\n<tr>\n<td width=\"104\">\n<h6 style=\"text-align: center;\"><strong>Dimens\u00f5es:<\/strong><\/h6>\n<\/td>\n<td width=\"103\">\n<h6 style=\"text-align: center;\"><strong>Embalagem<\/strong><\/h6>\n<\/td>\n<\/tr>\n<tr>\n<td style=\"text-align: center;\" width=\"104\">\n<h6>96x152mm<\/h6>\n<\/td>\n<td width=\"103\">\n<h6 style=\"text-align: center;\">Unit\u00e1rio e pacote 3 uni.<\/h6>\n<\/td>\n<\/tr>\n<\/tbody>\n<\/table>\n<p>[\/vc_column_text][\/et_tab_item][\/et_tab][et_gallery gallery_type=&#8221;carousel&#8221; gallery_link=&#8221;lightbox&#8221; gallery_column=&#8221;3&#8243; gallery_gap=&#8221;0&#8243;][\/vc_column][\/vc_row][vc_row][vc_column][\/vc_column][\/vc_row][vc_row][vc_column][vc_column_text]<br \/>\n[\/vc_column_text][\/vc_column][\/vc_row][vc_row][vc_column][vc_single_image image=&#8221;15041&#8243; img_size=&#8221;full&#8221; alignment=&#8221;center&#8221; onclick=&#8221;custom_link&#8221; css_animation=&#8221;bounceInLeft&#8221; link=&#8221;http:\/\/www.british.com.br\/site\/marca-propria\/&#8221;][\/vc_column][\/vc_row]<\/p>\n","protected":false},"excerpt":{"rendered":"<p>[vc_row full_width=&#8221;stretch_row_content&#8221; css=&#8221;.vc_custom_1548869473119{padding-top: 50px !important;padding-bottom: 50px !important;background-color: #dd3333 !important;}&#8221;][vc_column][vc_column_text] Linha Marca Pr\u00f3pria\u00a0 \/\u00a0 FIBRAS [\/vc_column_text][\/vc_column][\/vc_row][vc_row][vc_column][et_gap height=&#8221;40&#8243; custom_class=&#8221;hide768&#8243;][et_gap height=&#8221;40&#8243; custom_class=&#8221;hide768&#8243;][\/vc_column][\/vc_row][vc_row][vc_column][vc_column_text] [\/vc_column_text][\/vc_column][\/vc_row][vc_row][vc_column][et_gap height=&#8221;40&#8243; custom_class=&#8221;hide768&#8243;][et_gap height=&#8221;40&#8243; custom_class=&#8221;hide768&#8243;][\/vc_column][\/vc_row][vc_row full_width=&#8221;stretch_row&#8221; css=&#8221;.vc_custom_1540842537076{background-color: #ffffff !important;}&#8221;][vc_column width=&#8221;1\/2&#8243;][et_gap][vc_gallery interval=&#8221;3&#8243; images=&#8221;14982&#8243; img_size=&#8221;full&#8221;][et_gap][\/vc_column][vc_column width=&#8221;1\/2&#8243;][vc_custom_heading text=&#8221;Fibra Azul Antiaderente&#8221; font_container=&#8221;tag:h5|font_size:30px|text_align:left|color:%23dd3333|line_height:40px&#8221; use_theme_fonts=&#8221;yes&#8221; el_class=&#8221;letter-spacing-50 feature-title&#8221; css=&#8221;.vc_custom_1548939223199{margin-bottom: 0px !important;}&#8221;][et_gap][et_tab][et_tab_item active=&#8221;true&#8221; title=&#8221;Descri\u00e7\u00e3o&#8221;][vc_column_text el_class=&#8221;feature-text-left&#8221;]Descri\u00e7\u00e3o\u00a0 Sua textura macia efetua uma limpeza eficaz sem riscos [&hellip;]<\/p>\n","protected":false},"author":4,"featured_media":0,"parent":0,"menu_order":0,"comment_status":"closed","ping_status":"closed","template":"page-vc.php","meta":{"_joinchat":[],"footnotes":""},"class_list":["post-14981","page","type-page","status-publish","hentry"],"yoast_head":"<!-- This site is optimized with the Yoast SEO plugin v26.9 - https:\/\/yoast.com\/product\/yoast-seo-wordpress\/ -->\n<title>Super British Antiaderente - British<\/title>\n<meta name=\"robots\" content=\"index, follow, max-snippet:-1, max-image-preview:large, max-video-preview:-1\" \/>\n<link rel=\"canonical\" href=\"https:\/\/www.british.com.br\/site\/pt\/super-british-antiaderente\/\" \/>\n<meta property=\"og:locale\" content=\"pt_BR\" \/>\n<meta property=\"og:type\" content=\"article\" \/>\n<meta property=\"og:title\" content=\"Super British Antiaderente - British\" \/>\n<meta property=\"og:description\" content=\"[vc_row full_width=&#8221;stretch_row_content&#8221; css=&#8221;.vc_custom_1548869473119{padding-top: 50px !important;padding-bottom: 50px !important;background-color: #dd3333 !important;}&#8221;][vc_column][vc_column_text] Linha Marca Pr\u00f3pria\u00a0 \/\u00a0 FIBRAS [\/vc_column_text][\/vc_column][\/vc_row][vc_row][vc_column][et_gap height=&#8221;40&#8243; custom_class=&#8221;hide768&#8243;][et_gap height=&#8221;40&#8243; custom_class=&#8221;hide768&#8243;][\/vc_column][\/vc_row][vc_row][vc_column][vc_column_text] [\/vc_column_text][\/vc_column][\/vc_row][vc_row][vc_column][et_gap height=&#8221;40&#8243; custom_class=&#8221;hide768&#8243;][et_gap height=&#8221;40&#8243; custom_class=&#8221;hide768&#8243;][\/vc_column][\/vc_row][vc_row full_width=&#8221;stretch_row&#8221; css=&#8221;.vc_custom_1540842537076{background-color: #ffffff !important;}&#8221;][vc_column width=&#8221;1\/2&#8243;][et_gap][vc_gallery interval=&#8221;3&#8243; images=&#8221;14982&#8243; img_size=&#8221;full&#8221;][et_gap][\/vc_column][vc_column width=&#8221;1\/2&#8243;][vc_custom_heading text=&#8221;Fibra Azul Antiaderente&#8221; font_container=&#8221;tag:h5|font_size:30px|text_align:left|color:%23dd3333|line_height:40px&#8221; use_theme_fonts=&#8221;yes&#8221; el_class=&#8221;letter-spacing-50 feature-title&#8221; css=&#8221;.vc_custom_1548939223199{margin-bottom: 0px !important;}&#8221;][et_gap][et_tab][et_tab_item active=&#8221;true&#8221; title=&#8221;Descri\u00e7\u00e3o&#8221;][vc_column_text el_class=&#8221;feature-text-left&#8221;]Descri\u00e7\u00e3o\u00a0 Sua textura macia efetua uma limpeza eficaz sem riscos [&hellip;]\" \/>\n<meta property=\"og:url\" content=\"https:\/\/www.british.com.br\/site\/pt\/super-british-antiaderente\/\" \/>\n<meta property=\"og:site_name\" content=\"British\" \/>\n<meta property=\"article:publisher\" content=\"https:\/\/www.facebook.com\/BritishAbrasives\/\" \/>\n<meta property=\"article:modified_time\" content=\"2019-02-21T16:10:44+00:00\" \/>\n<meta name=\"twitter:card\" content=\"summary_large_image\" \/>\n<meta name=\"twitter:label1\" content=\"Est. tempo de leitura\" \/>\n\t<meta name=\"twitter:data1\" content=\"1 minuto\" \/>\n<script type=\"application\/ld+json\" class=\"yoast-schema-graph\">{\"@context\":\"https:\/\/schema.org\",\"@graph\":[{\"@type\":\"WebPage\",\"@id\":\"https:\/\/www.british.com.br\/site\/pt\/super-british-antiaderente\/\",\"url\":\"https:\/\/www.british.com.br\/site\/pt\/super-british-antiaderente\/\",\"name\":\"Super British Antiaderente - British\",\"isPartOf\":{\"@id\":\"https:\/\/www.british.com.br\/site\/#website\"},\"datePublished\":\"2018-12-19T17:33:53+00:00\",\"dateModified\":\"2019-02-21T16:10:44+00:00\",\"breadcrumb\":{\"@id\":\"https:\/\/www.british.com.br\/site\/pt\/super-british-antiaderente\/#breadcrumb\"},\"inLanguage\":\"pt-BR\",\"potentialAction\":[{\"@type\":\"ReadAction\",\"target\":[\"https:\/\/www.british.com.br\/site\/pt\/super-british-antiaderente\/\"]}]},{\"@type\":\"BreadcrumbList\",\"@id\":\"https:\/\/www.british.com.br\/site\/pt\/super-british-antiaderente\/#breadcrumb\",\"itemListElement\":[{\"@type\":\"ListItem\",\"position\":1,\"name\":\"In\u00edcio\",\"item\":\"https:\/\/www.british.com.br\/site\/pt\/british-principal\/\"},{\"@type\":\"ListItem\",\"position\":2,\"name\":\"Super British Antiaderente\"}]},{\"@type\":\"WebSite\",\"@id\":\"https:\/\/www.british.com.br\/site\/#website\",\"url\":\"https:\/\/www.british.com.br\/site\/\",\"name\":\"British\",\"description\":\"Abrasives For a Better World\",\"publisher\":{\"@id\":\"https:\/\/www.british.com.br\/site\/#organization\"},\"potentialAction\":[{\"@type\":\"SearchAction\",\"target\":{\"@type\":\"EntryPoint\",\"urlTemplate\":\"https:\/\/www.british.com.br\/site\/?s={search_term_string}\"},\"query-input\":{\"@type\":\"PropertyValueSpecification\",\"valueRequired\":true,\"valueName\":\"search_term_string\"}}],\"inLanguage\":\"pt-BR\"},{\"@type\":\"Organization\",\"@id\":\"https:\/\/www.british.com.br\/site\/#organization\",\"name\":\"British\",\"url\":\"https:\/\/www.british.com.br\/site\/\",\"logo\":{\"@type\":\"ImageObject\",\"inLanguage\":\"pt-BR\",\"@id\":\"https:\/\/www.british.com.br\/site\/#\/schema\/logo\/image\/\",\"url\":\"https:\/\/www.british.com.br\/site\/wp-content\/uploads\/2018\/10\/LogoTipo-British-3.png\",\"contentUrl\":\"https:\/\/www.british.com.br\/site\/wp-content\/uploads\/2018\/10\/LogoTipo-British-3.png\",\"width\":595,\"height\":272,\"caption\":\"British\"},\"image\":{\"@id\":\"https:\/\/www.british.com.br\/site\/#\/schema\/logo\/image\/\"},\"sameAs\":[\"https:\/\/www.facebook.com\/BritishAbrasives\/\",\"https:\/\/www.linkedin.com\/company\/britishabrasives\",\"https:\/\/www.instagram.com\/britishabrasives\/\"]}]}<\/script>\n<!-- \/ Yoast SEO plugin. -->","yoast_head_json":{"title":"Super British Antiaderente - British","robots":{"index":"index","follow":"follow","max-snippet":"max-snippet:-1","max-image-preview":"max-image-preview:large","max-video-preview":"max-video-preview:-1"},"canonical":"https:\/\/www.british.com.br\/site\/pt\/super-british-antiaderente\/","og_locale":"pt_BR","og_type":"article","og_title":"Super British Antiaderente - British","og_description":"[vc_row full_width=&#8221;stretch_row_content&#8221; css=&#8221;.vc_custom_1548869473119{padding-top: 50px !important;padding-bottom: 50px !important;background-color: #dd3333 !important;}&#8221;][vc_column][vc_column_text] Linha Marca Pr\u00f3pria\u00a0 \/\u00a0 FIBRAS [\/vc_column_text][\/vc_column][\/vc_row][vc_row][vc_column][et_gap height=&#8221;40&#8243; custom_class=&#8221;hide768&#8243;][et_gap height=&#8221;40&#8243; custom_class=&#8221;hide768&#8243;][\/vc_column][\/vc_row][vc_row][vc_column][vc_column_text] [\/vc_column_text][\/vc_column][\/vc_row][vc_row][vc_column][et_gap height=&#8221;40&#8243; custom_class=&#8221;hide768&#8243;][et_gap height=&#8221;40&#8243; custom_class=&#8221;hide768&#8243;][\/vc_column][\/vc_row][vc_row full_width=&#8221;stretch_row&#8221; css=&#8221;.vc_custom_1540842537076{background-color: #ffffff !important;}&#8221;][vc_column width=&#8221;1\/2&#8243;][et_gap][vc_gallery interval=&#8221;3&#8243; images=&#8221;14982&#8243; img_size=&#8221;full&#8221;][et_gap][\/vc_column][vc_column width=&#8221;1\/2&#8243;][vc_custom_heading text=&#8221;Fibra Azul Antiaderente&#8221; font_container=&#8221;tag:h5|font_size:30px|text_align:left|color:%23dd3333|line_height:40px&#8221; use_theme_fonts=&#8221;yes&#8221; el_class=&#8221;letter-spacing-50 feature-title&#8221; css=&#8221;.vc_custom_1548939223199{margin-bottom: 0px !important;}&#8221;][et_gap][et_tab][et_tab_item active=&#8221;true&#8221; title=&#8221;Descri\u00e7\u00e3o&#8221;][vc_column_text el_class=&#8221;feature-text-left&#8221;]Descri\u00e7\u00e3o\u00a0 Sua textura macia efetua uma limpeza eficaz sem riscos [&hellip;]","og_url":"https:\/\/www.british.com.br\/site\/pt\/super-british-antiaderente\/","og_site_name":"British","article_publisher":"https:\/\/www.facebook.com\/BritishAbrasives\/","article_modified_time":"2019-02-21T16:10:44+00:00","twitter_card":"summary_large_image","twitter_misc":{"Est. tempo de leitura":"1 minuto"},"schema":{"@context":"https:\/\/schema.org","@graph":[{"@type":"WebPage","@id":"https:\/\/www.british.com.br\/site\/pt\/super-british-antiaderente\/","url":"https:\/\/www.british.com.br\/site\/pt\/super-british-antiaderente\/","name":"Super British Antiaderente - British","isPartOf":{"@id":"https:\/\/www.british.com.br\/site\/#website"},"datePublished":"2018-12-19T17:33:53+00:00","dateModified":"2019-02-21T16:10:44+00:00","breadcrumb":{"@id":"https:\/\/www.british.com.br\/site\/pt\/super-british-antiaderente\/#breadcrumb"},"inLanguage":"pt-BR","potentialAction":[{"@type":"ReadAction","target":["https:\/\/www.british.com.br\/site\/pt\/super-british-antiaderente\/"]}]},{"@type":"BreadcrumbList","@id":"https:\/\/www.british.com.br\/site\/pt\/super-british-antiaderente\/#breadcrumb","itemListElement":[{"@type":"ListItem","position":1,"name":"In\u00edcio","item":"https:\/\/www.british.com.br\/site\/pt\/british-principal\/"},{"@type":"ListItem","position":2,"name":"Super British Antiaderente"}]},{"@type":"WebSite","@id":"https:\/\/www.british.com.br\/site\/#website","url":"https:\/\/www.british.com.br\/site\/","name":"British","description":"Abrasives For a Better World","publisher":{"@id":"https:\/\/www.british.com.br\/site\/#organization"},"potentialAction":[{"@type":"SearchAction","target":{"@type":"EntryPoint","urlTemplate":"https:\/\/www.british.com.br\/site\/?s={search_term_string}"},"query-input":{"@type":"PropertyValueSpecification","valueRequired":true,"valueName":"search_term_string"}}],"inLanguage":"pt-BR"},{"@type":"Organization","@id":"https:\/\/www.british.com.br\/site\/#organization","name":"British","url":"https:\/\/www.british.com.br\/site\/","logo":{"@type":"ImageObject","inLanguage":"pt-BR","@id":"https:\/\/www.british.com.br\/site\/#\/schema\/logo\/image\/","url":"https:\/\/www.british.com.br\/site\/wp-content\/uploads\/2018\/10\/LogoTipo-British-3.png","contentUrl":"https:\/\/www.british.com.br\/site\/wp-content\/uploads\/2018\/10\/LogoTipo-British-3.png","width":595,"height":272,"caption":"British"},"image":{"@id":"https:\/\/www.british.com.br\/site\/#\/schema\/logo\/image\/"},"sameAs":["https:\/\/www.facebook.com\/BritishAbrasives\/","https:\/\/www.linkedin.com\/company\/britishabrasives","https:\/\/www.instagram.com\/britishabrasives\/"]}]}},"_links":{"self":[{"href":"https:\/\/www.british.com.br\/site\/wp-json\/wp\/v2\/pages\/14981","targetHints":{"allow":["GET"]}}],"collection":[{"href":"https:\/\/www.british.com.br\/site\/wp-json\/wp\/v2\/pages"}],"about":[{"href":"https:\/\/www.british.com.br\/site\/wp-json\/wp\/v2\/types\/page"}],"author":[{"embeddable":true,"href":"https:\/\/www.british.com.br\/site\/wp-json\/wp\/v2\/users\/4"}],"replies":[{"embeddable":true,"href":"https:\/\/www.british.com.br\/site\/wp-json\/wp\/v2\/comments?post=14981"}],"version-history":[{"count":9,"href":"https:\/\/www.british.com.br\/site\/wp-json\/wp\/v2\/pages\/14981\/revisions"}],"predecessor-version":[{"id":15780,"href":"https:\/\/www.british.com.br\/site\/wp-json\/wp\/v2\/pages\/14981\/revisions\/15780"}],"wp:attachment":[{"href":"https:\/\/www.british.com.br\/site\/wp-json\/wp\/v2\/media?parent=14981"}],"curies":[{"name":"wp","href":"https:\/\/api.w.org\/{rel}","templated":true}]}}