{"id":15657,"date":"2019-01-30T13:36:54","date_gmt":"2019-01-30T15:36:54","guid":{"rendered":"http:\/\/www.british.com.br\/site\/?page_id=15657"},"modified":"2019-02-21T14:43:04","modified_gmt":"2019-02-21T17:43:04","slug":"esponja-banho-amarelo-e-branco","status":"publish","type":"page","link":"https:\/\/www.british.com.br\/site\/pt\/esponja-banho-amarelo-e-branco\/","title":{"rendered":"Esponja Banho &#8211; Amarelo e Branco"},"content":{"rendered":"<p>[vc_row full_width=&#8221;stretch_row_content&#8221; css=&#8221;.vc_custom_1548934838907{padding-top: 50px !important;padding-bottom: 50px !important;background-color: #dd3333 !important;}&#8221;][vc_column width=&#8221;1\/3&#8243;][\/vc_column][vc_column width=&#8221;1\/3&#8243;][vc_column_text]<\/p>\n<h3 style=\"text-align: center;\"><span style=\"color: #ffffff;\">Linha Marca Pr\u00f3pria\u00a0 \/\u00a0 ESPONJA BANHO<\/span><\/h3>\n<p>[\/vc_column_text][\/vc_column][vc_column width=&#8221;1\/3&#8243;][\/vc_column][\/vc_row][vc_row][vc_column][et_gap height=&#8221;40&#8243; custom_class=&#8221;hide768&#8243;][et_gap height=&#8221;40&#8243; custom_class=&#8221;hide768&#8243;][\/vc_column][\/vc_row][vc_row full_width=&#8221;stretch_row&#8221; css=&#8221;.vc_custom_1540842537076{background-color: #ffffff !important;}&#8221;][vc_column width=&#8221;1\/2&#8243;][et_gap][vc_gallery interval=&#8221;0&#8243; images=&#8221;15716&#8243; img_size=&#8221;full&#8221;][et_gap][\/vc_column][vc_column width=&#8221;1\/2&#8243;][vc_custom_heading text=&#8221;Esponja Banho | Amarelo e Branco&#8221; font_container=&#8221;tag:h3|font_size:38px|text_align:left|color:%23dd3333|line_height:40px&#8221; use_theme_fonts=&#8221;yes&#8221; el_class=&#8221;letter-spacing-50 feature-title&#8221; css=&#8221;.vc_custom_1548863632218{margin-bottom: 0px !important;}&#8221;][et_gap][et_tab][et_tab_item active=&#8221;true&#8221; title=&#8221;Descri\u00e7\u00e3o&#8221;][vc_column_text el_class=&#8221;feature-text-left&#8221;]Eesponja de banho indicada para o uso di\u00e1rio.\u00a0 O lado branco da esponja limpa, profundamente, retirando todas as impurezas da pele enquanto que o lado\u00a0 amarelo produz uma a\u00e7\u00e3o relaxante proporcionando uma agrad\u00e1vel sensa\u00e7\u00e3o.<\/p>\n<p>Seu formato com cantos arrendados facilita seu manuseio para proporcionar a limpeza e bem estar na hora do banho.<\/p>\n<p>Essa esponja \u00e9 indicada para qualquer pessoa, mas vale sempre lembrar que \u00e9 indicada a troca da esponja a cada 2 meses de uso.<\/p>\n<p><strong>Medidas | Embalagens:<\/strong> Conforme necessidade do cliente[\/vc_column_text][\/et_tab_item][et_tab_item active=&#8221;true&#8221; title=&#8221;Especifica\u00e7\u00f5es&#8221;][vc_column_text]<\/p>\n<div class=\"vc_tta-container\" data-vc-action=\"collapse\">\n<div class=\"vc_general vc_tta vc_tta-tabs vc_tta-o-shape-group vc_tta-tabs-position-top \">\n<div class=\"vc_tta-panels-container\">\n<div class=\"vc_tta-panels\">\n<div id=\"1458228299852-90634618-e399\" class=\"vc_tta-panel vc_active\" data-vc-content=\".vc_tta-panel-body\">\n<div class=\"vc_tta-panel-body\">\n<div class=\"wpb_text_column wpb_content_element \">\n<div class=\"wpb_wrapper\">\n<div data-vc-action=\"collapse\">\n<table width=\"492\">\n<tbody>\n<tr>\n<td colspan=\"8\" width=\"492\">\n<p style=\"text-align: center;\"><strong>Esponja Dupla-Face Branca\/Amarela\u00a0\u00a0<\/strong><\/p>\n<\/td>\n<\/tr>\n<tr>\n<td width=\"67\">\n<h6 style=\"text-align: center;\"><strong>Codigo Produto<\/strong><\/h6>\n<\/td>\n<td style=\"text-align: center;\" width=\"47\">\n<h6><strong>Unidade<\/strong><\/h6>\n<\/td>\n<td style=\"text-align: center;\" width=\"66\">\n<h6><strong>Dimens\u00e3o (mm)<\/strong><\/h6>\n<\/td>\n<td style=\"text-align: center;\" width=\"66\">\n<h6><strong>Qtde. por CX<\/strong><\/h6>\n<\/td>\n<td style=\"text-align: center;\" width=\"66\">\n<h6><strong>Embalagem<\/strong><\/h6>\n<\/td>\n<td style=\"text-align: center;\" width=\"69\">\n<h6><strong>Dimens\u00e3o da<\/strong><br \/>\n<strong>Caixa (mm)<\/strong><\/h6>\n<\/td>\n<td style=\"text-align: center;\" width=\"63\">\n<h6><strong>\u00a0Caixa<\/strong><br \/>\n<strong>(Kg)<\/strong><\/h6>\n<\/td>\n<td width=\"47\">\n<h6 style=\"text-align: center;\"><strong>Linha<\/strong><\/h6>\n<\/td>\n<\/tr>\n<tr>\n<td width=\"67\">\n<h6 style=\"text-align: center;\">FE-3030011<\/h6>\n<\/td>\n<td style=\"text-align: center;\" width=\"47\">\n<h6>Pe\u00e7a<\/h6>\n<\/td>\n<td style=\"text-align: center;\" width=\"66\">\n<h6>82 x 115<\/h6>\n<\/td>\n<td style=\"text-align: center;\" width=\"66\">\n<h6>60<\/h6>\n<\/td>\n<td style=\"text-align: center;\" width=\"66\">\n<h6>BOPP individual &#8211; <u>Sponbanho<\/u><\/h6>\n<\/td>\n<td style=\"text-align: center;\" width=\"69\">\n<h6>\u00a0355X260X170<\/h6>\n<\/td>\n<td style=\"text-align: center;\" width=\"63\">\n<h6>0,64<\/h6>\n<\/td>\n<td width=\"47\">\n<h6 style=\"text-align: center;\">P e D<\/h6>\n<\/td>\n<\/tr>\n<\/tbody>\n<\/table>\n<\/div>\n<div class=\"vc_tta-container\" data-vc-action=\"collapse\">\n<div class=\"vc_general vc_tta vc_tta-tabs vc_tta-o-shape-group vc_tta-tabs-position-top \">\n<div class=\"vc_tta-panels-container\">\n<div class=\"vc_tta-panels\">\n<div id=\"1458228299852-90634618-e399\" class=\"vc_tta-panel vc_active\" data-vc-content=\".vc_tta-panel-body\">\n<div class=\"vc_tta-panel-body\">\n<div class=\"wpb_text_column wpb_content_element \">\n<div class=\"vc_tta-container\" data-vc-action=\"collapse\">\n<div class=\"vc_general vc_tta vc_tta-tabs vc_tta-o-shape-group vc_tta-tabs-position-top \">\n<div class=\"vc_tta-panels-container\">\n<div class=\"vc_tta-panels\">\n<div id=\"1458228299852-90634618-e399\" class=\"vc_tta-panel vc_active\" data-vc-content=\".vc_tta-panel-body\">\n<div class=\"vc_tta-panel-body\">\n<div class=\"wpb_text_column wpb_content_element \">\n<div class=\"wpb_wrapper\">\n<div data-vc-action=\"collapse\">\n<div class=\"vc_tta-container\" data-vc-action=\"collapse\">\n<div class=\"vc_general vc_tta vc_tta-tabs vc_tta-o-shape-group vc_tta-tabs-position-top \">\n<div class=\"vc_tta-panels-container\">\n<div class=\"vc_tta-panels\">\n<div id=\"1458228299852-90634618-e399\" class=\"vc_tta-panel vc_active\" data-vc-content=\".vc_tta-panel-body\">\n<div class=\"vc_tta-panel-body\">\n<div data-vc-action=\"collapse\">\n<div class=\"vc_tta-container\" data-vc-action=\"collapse\">\n<div class=\"vc_general vc_tta vc_tta-tabs vc_tta-o-shape-group vc_tta-tabs-position-top \">\n<div class=\"vc_tta-panels-container\">\n<div class=\"vc_tta-panels\">\n<div id=\"1458228299852-90634618-e399\" class=\"vc_tta-panel vc_active\" data-vc-content=\".vc_tta-panel-body\">\n<div class=\"vc_tta-panel-body\">\n<div class=\"wpb_text_column wpb_content_element \">\n<p>&nbsp;<\/p>\n<\/div>\n<\/div>\n<\/div>\n<\/div>\n<\/div>\n<\/div>\n<\/div>\n<\/div>\n<h6 data-vc-action=\"collapse\"><\/h6>\n<\/div>\n<\/div>\n<\/div>\n<\/div>\n<\/div>\n<\/div>\n<\/div>\n<\/div>\n<\/div>\n<\/div>\n<\/div>\n<\/div>\n<\/div>\n<\/div>\n<\/div>\n<\/div>\n<\/div>\n<\/div>\n<\/div>\n<\/div>\n<\/div>\n<\/div>\n<\/div>\n<\/div>\n<\/div>\n<\/div>\n<\/div>\n<\/div>\n<\/div>\n<\/div>\n<p>[\/vc_column_text][\/et_tab_item][\/et_tab][et_gallery gallery_type=&#8221;carousel&#8221; gallery_link=&#8221;lightbox&#8221; gallery_column=&#8221;3&#8243; gallery_gap=&#8221;0&#8243;][\/vc_column][\/vc_row][vc_row][vc_column][\/vc_column][\/vc_row]<\/p>\n","protected":false},"excerpt":{"rendered":"<p>[vc_row full_width=&#8221;stretch_row_content&#8221; css=&#8221;.vc_custom_1548934838907{padding-top: 50px !important;padding-bottom: 50px !important;background-color: #dd3333 !important;}&#8221;][vc_column width=&#8221;1\/3&#8243;][\/vc_column][vc_column width=&#8221;1\/3&#8243;][vc_column_text] Linha Marca Pr\u00f3pria\u00a0 \/\u00a0 ESPONJA BANHO [\/vc_column_text][\/vc_column][vc_column width=&#8221;1\/3&#8243;][\/vc_column][\/vc_row][vc_row][vc_column][et_gap height=&#8221;40&#8243; custom_class=&#8221;hide768&#8243;][et_gap height=&#8221;40&#8243; custom_class=&#8221;hide768&#8243;][\/vc_column][\/vc_row][vc_row full_width=&#8221;stretch_row&#8221; css=&#8221;.vc_custom_1540842537076{background-color: #ffffff !important;}&#8221;][vc_column width=&#8221;1\/2&#8243;][et_gap][vc_gallery interval=&#8221;0&#8243; images=&#8221;15716&#8243; img_size=&#8221;full&#8221;][et_gap][\/vc_column][vc_column width=&#8221;1\/2&#8243;][vc_custom_heading text=&#8221;Esponja Banho | Amarelo e Branco&#8221; font_container=&#8221;tag:h3|font_size:38px|text_align:left|color:%23dd3333|line_height:40px&#8221; use_theme_fonts=&#8221;yes&#8221; el_class=&#8221;letter-spacing-50 feature-title&#8221; css=&#8221;.vc_custom_1548863632218{margin-bottom: 0px !important;}&#8221;][et_gap][et_tab][et_tab_item active=&#8221;true&#8221; title=&#8221;Descri\u00e7\u00e3o&#8221;][vc_column_text el_class=&#8221;feature-text-left&#8221;]Eesponja de banho indicada para o uso di\u00e1rio.\u00a0 [&hellip;]<\/p>\n","protected":false},"author":4,"featured_media":0,"parent":0,"menu_order":0,"comment_status":"closed","ping_status":"closed","template":"page-vc.php","meta":{"_joinchat":[],"footnotes":""},"class_list":["post-15657","page","type-page","status-publish","hentry"],"yoast_head":"<!-- This site is optimized with the Yoast SEO plugin v26.9 - https:\/\/yoast.com\/product\/yoast-seo-wordpress\/ -->\n<title>Esponja Banho - Amarelo e Branco - British<\/title>\n<meta name=\"robots\" content=\"index, follow, max-snippet:-1, max-image-preview:large, max-video-preview:-1\" \/>\n<link rel=\"canonical\" href=\"https:\/\/www.british.com.br\/site\/pt\/esponja-banho-amarelo-e-branco\/\" \/>\n<meta property=\"og:locale\" content=\"pt_BR\" \/>\n<meta property=\"og:type\" content=\"article\" \/>\n<meta property=\"og:title\" content=\"Esponja Banho - Amarelo e Branco - British\" \/>\n<meta property=\"og:description\" content=\"[vc_row full_width=&#8221;stretch_row_content&#8221; css=&#8221;.vc_custom_1548934838907{padding-top: 50px !important;padding-bottom: 50px !important;background-color: #dd3333 !important;}&#8221;][vc_column width=&#8221;1\/3&#8243;][\/vc_column][vc_column width=&#8221;1\/3&#8243;][vc_column_text] Linha Marca Pr\u00f3pria\u00a0 \/\u00a0 ESPONJA BANHO [\/vc_column_text][\/vc_column][vc_column width=&#8221;1\/3&#8243;][\/vc_column][\/vc_row][vc_row][vc_column][et_gap height=&#8221;40&#8243; custom_class=&#8221;hide768&#8243;][et_gap height=&#8221;40&#8243; custom_class=&#8221;hide768&#8243;][\/vc_column][\/vc_row][vc_row full_width=&#8221;stretch_row&#8221; css=&#8221;.vc_custom_1540842537076{background-color: #ffffff !important;}&#8221;][vc_column width=&#8221;1\/2&#8243;][et_gap][vc_gallery interval=&#8221;0&#8243; images=&#8221;15716&#8243; img_size=&#8221;full&#8221;][et_gap][\/vc_column][vc_column width=&#8221;1\/2&#8243;][vc_custom_heading text=&#8221;Esponja Banho | Amarelo e Branco&#8221; font_container=&#8221;tag:h3|font_size:38px|text_align:left|color:%23dd3333|line_height:40px&#8221; use_theme_fonts=&#8221;yes&#8221; el_class=&#8221;letter-spacing-50 feature-title&#8221; css=&#8221;.vc_custom_1548863632218{margin-bottom: 0px !important;}&#8221;][et_gap][et_tab][et_tab_item active=&#8221;true&#8221; title=&#8221;Descri\u00e7\u00e3o&#8221;][vc_column_text el_class=&#8221;feature-text-left&#8221;]Eesponja de banho indicada para o uso di\u00e1rio.\u00a0 [&hellip;]\" \/>\n<meta property=\"og:url\" content=\"https:\/\/www.british.com.br\/site\/pt\/esponja-banho-amarelo-e-branco\/\" \/>\n<meta property=\"og:site_name\" content=\"British\" \/>\n<meta property=\"article:publisher\" content=\"https:\/\/www.facebook.com\/BritishAbrasives\/\" \/>\n<meta property=\"article:modified_time\" content=\"2019-02-21T17:43:04+00:00\" \/>\n<meta name=\"twitter:card\" content=\"summary_large_image\" \/>\n<meta name=\"twitter:label1\" content=\"Est. tempo de leitura\" \/>\n\t<meta name=\"twitter:data1\" content=\"2 minutos\" \/>\n<script type=\"application\/ld+json\" class=\"yoast-schema-graph\">{\"@context\":\"https:\/\/schema.org\",\"@graph\":[{\"@type\":\"WebPage\",\"@id\":\"https:\/\/www.british.com.br\/site\/pt\/esponja-banho-amarelo-e-branco\/\",\"url\":\"https:\/\/www.british.com.br\/site\/pt\/esponja-banho-amarelo-e-branco\/\",\"name\":\"Esponja Banho - Amarelo e Branco - British\",\"isPartOf\":{\"@id\":\"https:\/\/www.british.com.br\/site\/#website\"},\"datePublished\":\"2019-01-30T15:36:54+00:00\",\"dateModified\":\"2019-02-21T17:43:04+00:00\",\"breadcrumb\":{\"@id\":\"https:\/\/www.british.com.br\/site\/pt\/esponja-banho-amarelo-e-branco\/#breadcrumb\"},\"inLanguage\":\"pt-BR\",\"potentialAction\":[{\"@type\":\"ReadAction\",\"target\":[\"https:\/\/www.british.com.br\/site\/pt\/esponja-banho-amarelo-e-branco\/\"]}]},{\"@type\":\"BreadcrumbList\",\"@id\":\"https:\/\/www.british.com.br\/site\/pt\/esponja-banho-amarelo-e-branco\/#breadcrumb\",\"itemListElement\":[{\"@type\":\"ListItem\",\"position\":1,\"name\":\"In\u00edcio\",\"item\":\"https:\/\/www.british.com.br\/site\/pt\/british-principal\/\"},{\"@type\":\"ListItem\",\"position\":2,\"name\":\"Esponja Banho &#8211; Amarelo e Branco\"}]},{\"@type\":\"WebSite\",\"@id\":\"https:\/\/www.british.com.br\/site\/#website\",\"url\":\"https:\/\/www.british.com.br\/site\/\",\"name\":\"British\",\"description\":\"Abrasives For a Better World\",\"publisher\":{\"@id\":\"https:\/\/www.british.com.br\/site\/#organization\"},\"potentialAction\":[{\"@type\":\"SearchAction\",\"target\":{\"@type\":\"EntryPoint\",\"urlTemplate\":\"https:\/\/www.british.com.br\/site\/?s={search_term_string}\"},\"query-input\":{\"@type\":\"PropertyValueSpecification\",\"valueRequired\":true,\"valueName\":\"search_term_string\"}}],\"inLanguage\":\"pt-BR\"},{\"@type\":\"Organization\",\"@id\":\"https:\/\/www.british.com.br\/site\/#organization\",\"name\":\"British\",\"url\":\"https:\/\/www.british.com.br\/site\/\",\"logo\":{\"@type\":\"ImageObject\",\"inLanguage\":\"pt-BR\",\"@id\":\"https:\/\/www.british.com.br\/site\/#\/schema\/logo\/image\/\",\"url\":\"https:\/\/www.british.com.br\/site\/wp-content\/uploads\/2018\/10\/LogoTipo-British-3.png\",\"contentUrl\":\"https:\/\/www.british.com.br\/site\/wp-content\/uploads\/2018\/10\/LogoTipo-British-3.png\",\"width\":595,\"height\":272,\"caption\":\"British\"},\"image\":{\"@id\":\"https:\/\/www.british.com.br\/site\/#\/schema\/logo\/image\/\"},\"sameAs\":[\"https:\/\/www.facebook.com\/BritishAbrasives\/\",\"https:\/\/www.linkedin.com\/company\/britishabrasives\",\"https:\/\/www.instagram.com\/britishabrasives\/\"]}]}<\/script>\n<!-- \/ Yoast SEO plugin. -->","yoast_head_json":{"title":"Esponja Banho - Amarelo e Branco - British","robots":{"index":"index","follow":"follow","max-snippet":"max-snippet:-1","max-image-preview":"max-image-preview:large","max-video-preview":"max-video-preview:-1"},"canonical":"https:\/\/www.british.com.br\/site\/pt\/esponja-banho-amarelo-e-branco\/","og_locale":"pt_BR","og_type":"article","og_title":"Esponja Banho - Amarelo e Branco - British","og_description":"[vc_row full_width=&#8221;stretch_row_content&#8221; css=&#8221;.vc_custom_1548934838907{padding-top: 50px !important;padding-bottom: 50px !important;background-color: #dd3333 !important;}&#8221;][vc_column width=&#8221;1\/3&#8243;][\/vc_column][vc_column width=&#8221;1\/3&#8243;][vc_column_text] Linha Marca Pr\u00f3pria\u00a0 \/\u00a0 ESPONJA BANHO [\/vc_column_text][\/vc_column][vc_column width=&#8221;1\/3&#8243;][\/vc_column][\/vc_row][vc_row][vc_column][et_gap height=&#8221;40&#8243; custom_class=&#8221;hide768&#8243;][et_gap height=&#8221;40&#8243; custom_class=&#8221;hide768&#8243;][\/vc_column][\/vc_row][vc_row full_width=&#8221;stretch_row&#8221; css=&#8221;.vc_custom_1540842537076{background-color: #ffffff !important;}&#8221;][vc_column width=&#8221;1\/2&#8243;][et_gap][vc_gallery interval=&#8221;0&#8243; images=&#8221;15716&#8243; img_size=&#8221;full&#8221;][et_gap][\/vc_column][vc_column width=&#8221;1\/2&#8243;][vc_custom_heading text=&#8221;Esponja Banho | Amarelo e Branco&#8221; font_container=&#8221;tag:h3|font_size:38px|text_align:left|color:%23dd3333|line_height:40px&#8221; use_theme_fonts=&#8221;yes&#8221; el_class=&#8221;letter-spacing-50 feature-title&#8221; css=&#8221;.vc_custom_1548863632218{margin-bottom: 0px !important;}&#8221;][et_gap][et_tab][et_tab_item active=&#8221;true&#8221; title=&#8221;Descri\u00e7\u00e3o&#8221;][vc_column_text el_class=&#8221;feature-text-left&#8221;]Eesponja de banho indicada para o uso di\u00e1rio.\u00a0 [&hellip;]","og_url":"https:\/\/www.british.com.br\/site\/pt\/esponja-banho-amarelo-e-branco\/","og_site_name":"British","article_publisher":"https:\/\/www.facebook.com\/BritishAbrasives\/","article_modified_time":"2019-02-21T17:43:04+00:00","twitter_card":"summary_large_image","twitter_misc":{"Est. tempo de leitura":"2 minutos"},"schema":{"@context":"https:\/\/schema.org","@graph":[{"@type":"WebPage","@id":"https:\/\/www.british.com.br\/site\/pt\/esponja-banho-amarelo-e-branco\/","url":"https:\/\/www.british.com.br\/site\/pt\/esponja-banho-amarelo-e-branco\/","name":"Esponja Banho - Amarelo e Branco - British","isPartOf":{"@id":"https:\/\/www.british.com.br\/site\/#website"},"datePublished":"2019-01-30T15:36:54+00:00","dateModified":"2019-02-21T17:43:04+00:00","breadcrumb":{"@id":"https:\/\/www.british.com.br\/site\/pt\/esponja-banho-amarelo-e-branco\/#breadcrumb"},"inLanguage":"pt-BR","potentialAction":[{"@type":"ReadAction","target":["https:\/\/www.british.com.br\/site\/pt\/esponja-banho-amarelo-e-branco\/"]}]},{"@type":"BreadcrumbList","@id":"https:\/\/www.british.com.br\/site\/pt\/esponja-banho-amarelo-e-branco\/#breadcrumb","itemListElement":[{"@type":"ListItem","position":1,"name":"In\u00edcio","item":"https:\/\/www.british.com.br\/site\/pt\/british-principal\/"},{"@type":"ListItem","position":2,"name":"Esponja Banho &#8211; Amarelo e Branco"}]},{"@type":"WebSite","@id":"https:\/\/www.british.com.br\/site\/#website","url":"https:\/\/www.british.com.br\/site\/","name":"British","description":"Abrasives For a Better World","publisher":{"@id":"https:\/\/www.british.com.br\/site\/#organization"},"potentialAction":[{"@type":"SearchAction","target":{"@type":"EntryPoint","urlTemplate":"https:\/\/www.british.com.br\/site\/?s={search_term_string}"},"query-input":{"@type":"PropertyValueSpecification","valueRequired":true,"valueName":"search_term_string"}}],"inLanguage":"pt-BR"},{"@type":"Organization","@id":"https:\/\/www.british.com.br\/site\/#organization","name":"British","url":"https:\/\/www.british.com.br\/site\/","logo":{"@type":"ImageObject","inLanguage":"pt-BR","@id":"https:\/\/www.british.com.br\/site\/#\/schema\/logo\/image\/","url":"https:\/\/www.british.com.br\/site\/wp-content\/uploads\/2018\/10\/LogoTipo-British-3.png","contentUrl":"https:\/\/www.british.com.br\/site\/wp-content\/uploads\/2018\/10\/LogoTipo-British-3.png","width":595,"height":272,"caption":"British"},"image":{"@id":"https:\/\/www.british.com.br\/site\/#\/schema\/logo\/image\/"},"sameAs":["https:\/\/www.facebook.com\/BritishAbrasives\/","https:\/\/www.linkedin.com\/company\/britishabrasives","https:\/\/www.instagram.com\/britishabrasives\/"]}]}},"_links":{"self":[{"href":"https:\/\/www.british.com.br\/site\/wp-json\/wp\/v2\/pages\/15657","targetHints":{"allow":["GET"]}}],"collection":[{"href":"https:\/\/www.british.com.br\/site\/wp-json\/wp\/v2\/pages"}],"about":[{"href":"https:\/\/www.british.com.br\/site\/wp-json\/wp\/v2\/types\/page"}],"author":[{"embeddable":true,"href":"https:\/\/www.british.com.br\/site\/wp-json\/wp\/v2\/users\/4"}],"replies":[{"embeddable":true,"href":"https:\/\/www.british.com.br\/site\/wp-json\/wp\/v2\/comments?post=15657"}],"version-history":[{"count":9,"href":"https:\/\/www.british.com.br\/site\/wp-json\/wp\/v2\/pages\/15657\/revisions"}],"predecessor-version":[{"id":15817,"href":"https:\/\/www.british.com.br\/site\/wp-json\/wp\/v2\/pages\/15657\/revisions\/15817"}],"wp:attachment":[{"href":"https:\/\/www.british.com.br\/site\/wp-json\/wp\/v2\/media?parent=15657"}],"curies":[{"name":"wp","href":"https:\/\/api.w.org\/{rel}","templated":true}]}}